{"id":1900,"date":"2021-07-09T14:46:03","date_gmt":"2021-07-09T19:46:03","guid":{"rendered":"https:\/\/www.cesvicolombia.com\/formacion\/?page_id=1900"},"modified":"2021-08-09T13:55:59","modified_gmt":"2021-08-09T18:55:59","slug":"actualizacion-egresados","status":"publish","type":"page","link":"https:\/\/www.cesvicolombia.com\/formacion\/index.php\/actualizacion-egresados\/","title":{"rendered":"Actualizaci\u00f3n egresados"},"content":{"rendered":"[vc_row type=\u00bbin_container\u00bb full_screen_row_position=\u00bbmiddle\u00bb scene_position=\u00bbcenter\u00bb text_color=\u00bbdark\u00bb text_align=\u00bbleft\u00bb overlay_strength=\u00bb0.3&#8243; shape_divider_position=\u00bbbottom\u00bb bg_image_animation=\u00bbnone\u00bb shape_type=\u00bb\u00bb][vc_column column_padding=\u00bbno-extra-padding\u00bb column_padding_position=\u00bball\u00bb background_color_opacity=\u00bb1&#8243; background_hover_color_opacity=\u00bb1&#8243; column_link_target=\u00bb_self\u00bb column_shadow=\u00bbnone\u00bb column_border_radius=\u00bbnone\u00bb width=\u00bb1\/1&#8243; tablet_width_inherit=\u00bbdefault\u00bb tablet_text_alignment=\u00bbdefault\u00bb phone_text_alignment=\u00bbdefault\u00bb column_border_width=\u00bbnone\u00bb column_border_style=\u00bbsolid\u00bb bg_image_animation=\u00bbnone\u00bb][divider line_type=\u00bbNo Line\u00bb custom_height=\u00bb80&#8243;][vc_column_text]El prop\u00f3sito de esta encuesta, adem\u00e1s de obtener la actualizaci\u00f3n de sus datos b\u00e1sicos personales, es poder mantener una comunicaci\u00f3n constante para dise\u00f1ar programas y servicios de su inter\u00e9s, as\u00ed como compartir nuestras actividades y oferta educativa.<\/p>\n<p>Es importante se\u00f1alar que el manejo de su informaci\u00f3n ser\u00e1 estrictamente confidencial. En este sentido, los datos contenidos en la encuesta ser\u00e1n tratados con base al cumplimiento de la ley 1581 de 2012 (Disposiciones generales para la protecci\u00f3n de datos personales), no se revelar\u00e1n datos ni respuestas individuales. La informaci\u00f3n recolectada solamente ser\u00e1 utilizada para fines acad\u00e9micos, manteniendo la confidencialidad de los datos suministrado.[\/vc_column_text][\/vc_column][\/vc_row][vc_row type=\u00bbin_container\u00bb full_screen_row_position=\u00bbmiddle\u00bb scene_position=\u00bbcenter\u00bb text_color=\u00bbdark\u00bb text_align=\u00bbleft\u00bb bottom_padding=\u00bb40&#8243; overlay_strength=\u00bb0.3&#8243; shape_divider_position=\u00bbbottom\u00bb bg_image_animation=\u00bbnone\u00bb shape_type=\u00bb\u00bb][vc_column column_padding=\u00bbpadding-4-percent\u00bb column_padding_position=\u00bball\u00bb background_color=\u00bb#ededed\u00bb background_color_opacity=\u00bb1&#8243; background_hover_color_opacity=\u00bb1&#8243; column_link_target=\u00bb_self\u00bb column_shadow=\u00bbnone\u00bb column_border_radius=\u00bb10px\u00bb width=\u00bb1\/1&#8243; tablet_width_inherit=\u00bbdefault\u00bb tablet_text_alignment=\u00bbdefault\u00bb phone_text_alignment=\u00bbdefault\u00bb column_border_width=\u00bbnone\u00bb column_border_color=\u00bb#919191&#8243; bg_image_animation=\u00bbnone\u00bb enable_animation=\u00bbtrue\u00bb animation=\u00bbfade-in\u00bb][vc_column_text el_class=\u00bbform_actualizacion\u00bb]\n<div class=\"wpcf7 no-js\" id=\"wpcf7-f1904-o1\" lang=\"\" dir=\"ltr\">\n<div class=\"screen-reader-response\"><p role=\"status\" aria-live=\"polite\" aria-atomic=\"true\"><\/p> <ul><\/ul><\/div>\n<form action=\"\/formacion\/index.php\/wp-json\/wp\/v2\/pages\/1900#wpcf7-f1904-o1\" method=\"post\" class=\"wpcf7-form init\" aria-label=\"Formulario de contacto\" novalidate=\"novalidate\" data-status=\"init\">\n<div style=\"display: none;\">\n<input type=\"hidden\" name=\"_wpcf7\" value=\"1904\" \/>\n<input type=\"hidden\" name=\"_wpcf7_version\" value=\"5.9.5\" \/>\n<input type=\"hidden\" name=\"_wpcf7_locale\" value=\"\" \/>\n<input type=\"hidden\" name=\"_wpcf7_unit_tag\" value=\"wpcf7-f1904-o1\" \/>\n<input type=\"hidden\" name=\"_wpcf7_container_post\" value=\"0\" \/>\n<input type=\"hidden\" name=\"_wpcf7_posted_data_hash\" value=\"\" \/>\n<\/div>\n<input type='hidden' class='wpcf7-pum' value='{\"closepopup\":false,\"closedelay\":0,\"openpopup\":false,\"openpopup_id\":0}' \/><div class=\"wpcf7-response-output\" aria-hidden=\"true\"><\/div>\n<\/form>\n<\/div>\n[\/vc_column_text][\/vc_column][\/vc_row][vc_row type=\u00bbin_container\u00bb full_screen_row_position=\u00bbmiddle\u00bb scene_position=\u00bbcenter\u00bb text_color=\u00bbdark\u00bb text_align=\u00bbcenter\u00bb bottom_padding=\u00bb60&#8243; overlay_strength=\u00bb0.3&#8243; shape_divider_position=\u00bbbottom\u00bb bg_image_animation=\u00bbnone\u00bb shape_type=\u00bb\u00bb][vc_column centered_text=\u00bbtrue\u00bb column_padding=\u00bbno-extra-padding\u00bb column_padding_position=\u00bball\u00bb background_color_opacity=\u00bb1&#8243; background_hover_color_opacity=\u00bb1&#8243; column_link_target=\u00bb_self\u00bb column_shadow=\u00bbnone\u00bb column_border_radius=\u00bbnone\u00bb width=\u00bb1\/1&#8243; tablet_width_inherit=\u00bbdefault\u00bb tablet_text_alignment=\u00bbdefault\u00bb phone_text_alignment=\u00bbdefault\u00bb column_border_width=\u00bbnone\u00bb column_border_style=\u00bbsolid\u00bb bg_image_animation=\u00bbnone\u00bb][nectar_btn size=\u00bblarge\u00bb button_style=\u00bbregular\u00bb button_color_2=\u00bbAccent-Color\u00bb icon_family=\u00bbnone\u00bb url=\u00bbhttps:\/\/campusvirtual.digital\/\u00bb text=\u00bbRegresar al campus\u00bb][\/vc_column][\/vc_row]\n","protected":false},"excerpt":{"rendered":"<p>[vc_row type=\u00bbin_container\u00bb full_screen_row_position=\u00bbmiddle\u00bb scene_position=\u00bbcenter\u00bb text_color=\u00bbdark\u00bb text_align=\u00bbleft\u00bb overlay_strength=\u00bb0.3&#8243; shape_divider_position=\u00bbbottom\u00bb bg_image_animation=\u00bbnone\u00bb shape_type=\u00bb\u00bb][vc_column column_padding=\u00bbno-extra-padding\u00bb column_padding_position=\u00bball\u00bb background_color_opacity=\u00bb1&#8243; background_hover_color_opacity=\u00bb1&#8243; column_link_target=\u00bb_self\u00bb column_shadow=\u00bbnone\u00bb column_border_radius=\u00bbnone\u00bb width=\u00bb1\/1&#8243; tablet_width_inherit=\u00bbdefault\u00bb tablet_text_alignment=\u00bbdefault\u00bb phone_text_alignment=\u00bbdefault\u00bb column_border_width=\u00bbnone\u00bb column_border_style=\u00bbsolid\u00bb bg_image_animation=\u00bbnone\u00bb][divider line_type=\u00bbNo Line\u00bb custom_height=\u00bb80&#8243;][vc_column_text]El prop\u00f3sito de esta&#8230;<\/p>\n","protected":false},"author":1,"featured_media":0,"parent":0,"menu_order":0,"comment_status":"closed","ping_status":"closed","template":"","meta":{"footnotes":""},"yoast_head":"<!-- This site is optimized with the Yoast SEO plugin v21.2 - https:\/\/yoast.com\/wordpress\/plugins\/seo\/ -->\r\n<title>Actualizaci\u00f3n egresados - CESVI Formaci\u00f3n<\/title>\r\n<meta name=\"robots\" content=\"index, follow, max-snippet:-1, max-image-preview:large, max-video-preview:-1\" \/>\r\n<link rel=\"canonical\" href=\"https:\/\/www.cesvicolombia.com\/formacion\/index.php\/actualizacion-egresados\/\" \/>\r\n<meta property=\"og:locale\" content=\"es_ES\" \/>\r\n<meta property=\"og:type\" content=\"article\" \/>\r\n<meta property=\"og:title\" content=\"Actualizaci\u00f3n egresados - CESVI Formaci\u00f3n\" \/>\r\n<meta property=\"og:description\" content=\"[vc_row type=\u00bbin_container\u00bb full_screen_row_position=\u00bbmiddle\u00bb scene_position=\u00bbcenter\u00bb text_color=\u00bbdark\u00bb text_align=\u00bbleft\u00bb overlay_strength=\u00bb0.3&#8243; shape_divider_position=\u00bbbottom\u00bb bg_image_animation=\u00bbnone\u00bb shape_type=\u00bb\u00bb][vc_column column_padding=\u00bbno-extra-padding\u00bb column_padding_position=\u00bball\u00bb background_color_opacity=\u00bb1&#8243; background_hover_color_opacity=\u00bb1&#8243; column_link_target=\u00bb_self\u00bb column_shadow=\u00bbnone\u00bb column_border_radius=\u00bbnone\u00bb width=\u00bb1\/1&#8243; tablet_width_inherit=\u00bbdefault\u00bb tablet_text_alignment=\u00bbdefault\u00bb phone_text_alignment=\u00bbdefault\u00bb column_border_width=\u00bbnone\u00bb column_border_style=\u00bbsolid\u00bb bg_image_animation=\u00bbnone\u00bb][divider line_type=\u00bbNo Line\u00bb custom_height=\u00bb80&#8243;][vc_column_text]El prop\u00f3sito de esta...\" \/>\r\n<meta property=\"og:url\" content=\"https:\/\/www.cesvicolombia.com\/formacion\/index.php\/actualizacion-egresados\/\" \/>\r\n<meta property=\"og:site_name\" content=\"CESVI Formaci\u00f3n\" \/>\r\n<meta property=\"article:modified_time\" content=\"2021-08-09T18:55:59+00:00\" \/>\r\n<meta name=\"twitter:card\" content=\"summary_large_image\" \/>\r\n<meta name=\"twitter:label1\" content=\"Tiempo de lectura\" \/>\n\t<meta name=\"twitter:data1\" content=\"2 minutos\" \/>\r\n<script type=\"application\/ld+json\" class=\"yoast-schema-graph\">{\"@context\":\"https:\/\/schema.org\",\"@graph\":[{\"@type\":\"WebPage\",\"@id\":\"https:\/\/www.cesvicolombia.com\/formacion\/index.php\/actualizacion-egresados\/\",\"url\":\"https:\/\/www.cesvicolombia.com\/formacion\/index.php\/actualizacion-egresados\/\",\"name\":\"Actualizaci\u00f3n egresados - CESVI Formaci\u00f3n\",\"isPartOf\":{\"@id\":\"https:\/\/www.cesvicolombia.com\/formacion\/#website\"},\"datePublished\":\"2021-07-09T19:46:03+00:00\",\"dateModified\":\"2021-08-09T18:55:59+00:00\",\"breadcrumb\":{\"@id\":\"https:\/\/www.cesvicolombia.com\/formacion\/index.php\/actualizacion-egresados\/#breadcrumb\"},\"inLanguage\":\"es\",\"potentialAction\":[{\"@type\":\"ReadAction\",\"target\":[\"https:\/\/www.cesvicolombia.com\/formacion\/index.php\/actualizacion-egresados\/\"]}]},{\"@type\":\"BreadcrumbList\",\"@id\":\"https:\/\/www.cesvicolombia.com\/formacion\/index.php\/actualizacion-egresados\/#breadcrumb\",\"itemListElement\":[{\"@type\":\"ListItem\",\"position\":1,\"name\":\"Portada\",\"item\":\"https:\/\/www.cesvicolombia.com\/formacion\/\"},{\"@type\":\"ListItem\",\"position\":2,\"name\":\"Actualizaci\u00f3n egresados\"}]},{\"@type\":\"WebSite\",\"@id\":\"https:\/\/www.cesvicolombia.com\/formacion\/#website\",\"url\":\"https:\/\/www.cesvicolombia.com\/formacion\/\",\"name\":\"CESVI Formaci\u00f3n\",\"description\":\"\",\"potentialAction\":[{\"@type\":\"SearchAction\",\"target\":{\"@type\":\"EntryPoint\",\"urlTemplate\":\"https:\/\/www.cesvicolombia.com\/formacion\/?s={search_term_string}\"},\"query-input\":\"required name=search_term_string\"}],\"inLanguage\":\"es\"}]}<\/script>\r\n<!-- \/ Yoast SEO plugin. -->","yoast_head_json":{"title":"Actualizaci\u00f3n egresados - CESVI Formaci\u00f3n","robots":{"index":"index","follow":"follow","max-snippet":"max-snippet:-1","max-image-preview":"max-image-preview:large","max-video-preview":"max-video-preview:-1"},"canonical":"https:\/\/www.cesvicolombia.com\/formacion\/index.php\/actualizacion-egresados\/","og_locale":"es_ES","og_type":"article","og_title":"Actualizaci\u00f3n egresados - CESVI Formaci\u00f3n","og_description":"[vc_row type=\u00bbin_container\u00bb full_screen_row_position=\u00bbmiddle\u00bb scene_position=\u00bbcenter\u00bb text_color=\u00bbdark\u00bb text_align=\u00bbleft\u00bb overlay_strength=\u00bb0.3&#8243; shape_divider_position=\u00bbbottom\u00bb bg_image_animation=\u00bbnone\u00bb shape_type=\u00bb\u00bb][vc_column column_padding=\u00bbno-extra-padding\u00bb column_padding_position=\u00bball\u00bb background_color_opacity=\u00bb1&#8243; background_hover_color_opacity=\u00bb1&#8243; column_link_target=\u00bb_self\u00bb column_shadow=\u00bbnone\u00bb column_border_radius=\u00bbnone\u00bb width=\u00bb1\/1&#8243; tablet_width_inherit=\u00bbdefault\u00bb tablet_text_alignment=\u00bbdefault\u00bb phone_text_alignment=\u00bbdefault\u00bb column_border_width=\u00bbnone\u00bb column_border_style=\u00bbsolid\u00bb bg_image_animation=\u00bbnone\u00bb][divider line_type=\u00bbNo Line\u00bb custom_height=\u00bb80&#8243;][vc_column_text]El prop\u00f3sito de esta...","og_url":"https:\/\/www.cesvicolombia.com\/formacion\/index.php\/actualizacion-egresados\/","og_site_name":"CESVI Formaci\u00f3n","article_modified_time":"2021-08-09T18:55:59+00:00","twitter_card":"summary_large_image","twitter_misc":{"Tiempo de lectura":"2 minutos"},"schema":{"@context":"https:\/\/schema.org","@graph":[{"@type":"WebPage","@id":"https:\/\/www.cesvicolombia.com\/formacion\/index.php\/actualizacion-egresados\/","url":"https:\/\/www.cesvicolombia.com\/formacion\/index.php\/actualizacion-egresados\/","name":"Actualizaci\u00f3n egresados - CESVI Formaci\u00f3n","isPartOf":{"@id":"https:\/\/www.cesvicolombia.com\/formacion\/#website"},"datePublished":"2021-07-09T19:46:03+00:00","dateModified":"2021-08-09T18:55:59+00:00","breadcrumb":{"@id":"https:\/\/www.cesvicolombia.com\/formacion\/index.php\/actualizacion-egresados\/#breadcrumb"},"inLanguage":"es","potentialAction":[{"@type":"ReadAction","target":["https:\/\/www.cesvicolombia.com\/formacion\/index.php\/actualizacion-egresados\/"]}]},{"@type":"BreadcrumbList","@id":"https:\/\/www.cesvicolombia.com\/formacion\/index.php\/actualizacion-egresados\/#breadcrumb","itemListElement":[{"@type":"ListItem","position":1,"name":"Portada","item":"https:\/\/www.cesvicolombia.com\/formacion\/"},{"@type":"ListItem","position":2,"name":"Actualizaci\u00f3n egresados"}]},{"@type":"WebSite","@id":"https:\/\/www.cesvicolombia.com\/formacion\/#website","url":"https:\/\/www.cesvicolombia.com\/formacion\/","name":"CESVI Formaci\u00f3n","description":"","potentialAction":[{"@type":"SearchAction","target":{"@type":"EntryPoint","urlTemplate":"https:\/\/www.cesvicolombia.com\/formacion\/?s={search_term_string}"},"query-input":"required name=search_term_string"}],"inLanguage":"es"}]}},"_links":{"self":[{"href":"https:\/\/www.cesvicolombia.com\/formacion\/index.php\/wp-json\/wp\/v2\/pages\/1900"}],"collection":[{"href":"https:\/\/www.cesvicolombia.com\/formacion\/index.php\/wp-json\/wp\/v2\/pages"}],"about":[{"href":"https:\/\/www.cesvicolombia.com\/formacion\/index.php\/wp-json\/wp\/v2\/types\/page"}],"author":[{"embeddable":true,"href":"https:\/\/www.cesvicolombia.com\/formacion\/index.php\/wp-json\/wp\/v2\/users\/1"}],"replies":[{"embeddable":true,"href":"https:\/\/www.cesvicolombia.com\/formacion\/index.php\/wp-json\/wp\/v2\/comments?post=1900"}],"version-history":[{"count":14,"href":"https:\/\/www.cesvicolombia.com\/formacion\/index.php\/wp-json\/wp\/v2\/pages\/1900\/revisions"}],"predecessor-version":[{"id":1939,"href":"https:\/\/www.cesvicolombia.com\/formacion\/index.php\/wp-json\/wp\/v2\/pages\/1900\/revisions\/1939"}],"wp:attachment":[{"href":"https:\/\/www.cesvicolombia.com\/formacion\/index.php\/wp-json\/wp\/v2\/media?parent=1900"}],"curies":[{"name":"wp","href":"https:\/\/api.w.org\/{rel}","templated":true}]}}